{"id":3552,"date":"2026-02-11T12:06:30","date_gmt":"2026-02-11T12:06:30","guid":{"rendered":"https:\/\/transylvaniatrail.com\/?post_type=product&#038;p=3552"},"modified":"2026-03-10T18:20:56","modified_gmt":"2026-03-10T16:20:56","slug":"plus-package","status":"publish","type":"product","link":"https:\/\/transylvaniatrail.com\/ro\/produs\/plus-package\/","title":{"rendered":"Plus Package Registration"},"content":{"rendered":"<ul>\n<li>Fi\u0219ier .gpx cu traseul Transylvania Trail, de \u00eenc\u0103rcat \u00een aplica\u021bia de naviga\u021bie preferat\u0103.<\/li>\n<li>Tot ce este inclus in Pachetul Standard<\/li>\n<li>Exclusive Transylvania Trail Jersey \u2013 Swiss made | Lifetime warranty for seams<\/li>\n<\/ul>","protected":false},"excerpt":{"rendered":"<p>Transylvania Trail Registration 2026<\/p>","protected":false},"featured_media":3352,"template":"","meta":{"_uag_custom_page_level_css":"","site-sidebar-layout":"default","site-content-layout":"","ast-site-content-layout":"default","site-content-style":"default","site-sidebar-style":"default","ast-global-header-display":"","ast-banner-title-visibility":"","ast-main-header-display":"","ast-hfb-above-header-display":"","ast-hfb-below-header-display":"","ast-hfb-mobile-header-display":"","site-post-title":"","ast-breadcrumbs-content":"","ast-featured-img":"","footer-sml-layout":"","ast-disable-related-posts":"","theme-transparent-header-meta":"default","adv-header-id-meta":"","stick-header-meta":"default","header-above-stick-meta":"","header-main-stick-meta":"","header-below-stick-meta":"","astra-migrate-meta-layouts":"set","ast-page-background-enabled":"default","ast-page-background-meta":{"desktop":{"background-color":"var(--ast-global-color-5)","background-image":"","background-repeat":"repeat","background-position":"center center","background-size":"auto","background-attachment":"scroll","background-type":"","background-media":"","overlay-type":"","overlay-color":"","overlay-opacity":"","overlay-gradient":""},"tablet":{"background-color":"","background-image":"","background-repeat":"repeat","background-position":"center center","background-size":"auto","background-attachment":"scroll","background-type":"","background-media":"","overlay-type":"","overlay-color":"","overlay-opacity":"","overlay-gradient":""},"mobile":{"background-color":"","background-image":"","background-repeat":"repeat","background-position":"center center","background-size":"auto","background-attachment":"scroll","background-type":"","background-media":"","overlay-type":"","overlay-color":"","overlay-opacity":"","overlay-gradient":""}},"ast-content-background-meta":{"desktop":{"background-color":"var(--ast-global-color-4)","background-image":"","background-repeat":"repeat","background-position":"center center","background-size":"auto","background-attachment":"scroll","background-type":"","background-media":"","overlay-type":"","overlay-color":"","overlay-opacity":"","overlay-gradient":""},"tablet":{"background-color":"var(--ast-global-color-4)","background-image":"","background-repeat":"repeat","background-position":"center center","background-size":"auto","background-attachment":"scroll","background-type":"","background-media":"","overlay-type":"","overlay-color":"","overlay-opacity":"","overlay-gradient":""},"mobile":{"background-color":"var(--ast-global-color-4)","background-image":"","background-repeat":"repeat","background-position":"center center","background-size":"auto","background-attachment":"scroll","background-type":"","background-media":"","overlay-type":"","overlay-color":"","overlay-opacity":"","overlay-gradient":""}}},"product_brand":[],"product_cat":[45],"product_tag":[46],"class_list":{"0":"post-3552","1":"product","2":"type-product","3":"status-publish","4":"has-post-thumbnail","6":"product_cat-transytrail2026","7":"product_tag-tt2026","8":"desktop-align-left","9":"tablet-align-left","10":"mobile-align-left","12":"first","13":"instock","14":"sold-individually","15":"taxable","16":"shipping-taxable","17":"purchasable","18":"product-type-variable","19":"has-default-attributes"},"uagb_featured_image_src":{"full":["https:\/\/transylvaniatrail.com\/wp-content\/uploads\/2026\/01\/favicon.png",500,500,false],"thumbnail":["https:\/\/transylvaniatrail.com\/wp-content\/uploads\/2026\/01\/favicon-150x150.png",150,150,true],"medium":["https:\/\/transylvaniatrail.com\/wp-content\/uploads\/2026\/01\/favicon-300x300.png",300,300,true],"medium_large":["https:\/\/transylvaniatrail.com\/wp-content\/uploads\/2026\/01\/favicon.png",500,500,false],"large":["https:\/\/transylvaniatrail.com\/wp-content\/uploads\/2026\/01\/favicon.png",500,500,false],"1536x1536":["https:\/\/transylvaniatrail.com\/wp-content\/uploads\/2026\/01\/favicon.png",500,500,false],"2048x2048":["https:\/\/transylvaniatrail.com\/wp-content\/uploads\/2026\/01\/favicon.png",500,500,false],"trp-custom-language-flag":["https:\/\/transylvaniatrail.com\/wp-content\/uploads\/2026\/01\/favicon-12x12.png",12,12,true],"woocommerce_thumbnail":["https:\/\/transylvaniatrail.com\/wp-content\/uploads\/2026\/01\/favicon-300x300.png",300,300,true],"woocommerce_single":["https:\/\/transylvaniatrail.com\/wp-content\/uploads\/2026\/01\/favicon.png",500,500,false],"woocommerce_gallery_thumbnail":["https:\/\/transylvaniatrail.com\/wp-content\/uploads\/2026\/01\/favicon-100x100.png",100,100,true]},"uagb_author_info":{"display_name":"Obrad Susa","author_link":"https:\/\/transylvaniatrail.com\/ro\/author\/"},"uagb_comment_info":0,"uagb_excerpt":"Transylvania Trail Registration 2026","jetpack_sharing_enabled":true,"_links":{"self":[{"href":"https:\/\/transylvaniatrail.com\/ro\/wp-json\/wp\/v2\/product\/3552","targetHints":{"allow":["GET"]}}],"collection":[{"href":"https:\/\/transylvaniatrail.com\/ro\/wp-json\/wp\/v2\/product"}],"about":[{"href":"https:\/\/transylvaniatrail.com\/ro\/wp-json\/wp\/v2\/types\/product"}],"version-history":[{"count":11,"href":"https:\/\/transylvaniatrail.com\/ro\/wp-json\/wp\/v2\/product\/3552\/revisions"}],"predecessor-version":[{"id":4267,"href":"https:\/\/transylvaniatrail.com\/ro\/wp-json\/wp\/v2\/product\/3552\/revisions\/4267"}],"wp:featuredmedia":[{"embeddable":true,"href":"https:\/\/transylvaniatrail.com\/ro\/wp-json\/wp\/v2\/media\/3352"}],"wp:attachment":[{"href":"https:\/\/transylvaniatrail.com\/ro\/wp-json\/wp\/v2\/media?parent=3552"}],"wp:term":[{"taxonomy":"product_brand","embeddable":true,"href":"https:\/\/transylvaniatrail.com\/ro\/wp-json\/wp\/v2\/product_brand?post=3552"},{"taxonomy":"product_cat","embeddable":true,"href":"https:\/\/transylvaniatrail.com\/ro\/wp-json\/wp\/v2\/product_cat?post=3552"},{"taxonomy":"product_tag","embeddable":true,"href":"https:\/\/transylvaniatrail.com\/ro\/wp-json\/wp\/v2\/product_tag?post=3552"}],"curies":[{"name":"wp","href":"https:\/\/api.w.org\/{rel}","templated":true}]}}