{"id":3042,"date":"2025-12-13T21:59:28","date_gmt":"2025-12-13T21:59:28","guid":{"rendered":"https:\/\/transylvaniatrail.com\/?page_id=3042"},"modified":"2026-03-09T23:33:43","modified_gmt":"2026-03-09T21:33:43","slug":"terms-of-use","status":"publish","type":"page","link":"https:\/\/transylvaniatrail.com\/ro\/terms-of-use\/","title":{"rendered":"Termeni de Utilizare"},"content":{"rendered":"<div data-elementor-type=\"wp-page\" data-elementor-id=\"3042\" class=\"elementor elementor-3042\" data-elementor-post-type=\"page\">\n\t\t\t\t<div class=\"elementor-element elementor-element-18425cd e-con-full e-flex e-con e-parent\" data-id=\"18425cd\" data-element_type=\"container\" data-e-type=\"container\" data-settings=\"{&quot;background_background&quot;:&quot;classic&quot;}\">\n\t\t\t\t<div class=\"elementor-element elementor-element-e0b0af2 elementor-widget elementor-widget-heading\" data-id=\"e0b0af2\" data-element_type=\"widget\" data-e-type=\"widget\" data-widget_type=\"heading.default\">\n\t\t\t\t\t<h2 class=\"elementor-heading-title elementor-size-default\">Termeni de Utilizare<\/h2>\t\t\t\t<\/div>\n\t\t<div class=\"elementor-element elementor-element-61eac8c e-con-full e-flex e-con e-child\" data-id=\"61eac8c\" data-element_type=\"container\" data-e-type=\"container\">\n\t\t\t\t<div class=\"elementor-element elementor-element-08e91e9 elementor-widget elementor-widget-heading\" data-id=\"08e91e9\" data-element_type=\"widget\" data-e-type=\"widget\" data-widget_type=\"heading.default\">\n\t\t\t\t\t<h3 class=\"elementor-heading-title elementor-size-default\">General<\/h3>\t\t\t\t<\/div>\n\t\t\t\t<div class=\"elementor-element elementor-element-58e24cc elementor-widget elementor-widget-text-editor\" data-id=\"58e24cc\" data-element_type=\"widget\" data-e-type=\"widget\" data-widget_type=\"text-editor.default\">\n\t\t\t\t\t\t\t\t\t<p class=\"translation-block\"><a href=\"https:\/\/transylvaniatrail.com\/ro\/\" target=\"_self\">www.transylvaniatrail.com<\/a> este site-ul oficial al evenimentului Transylvania Trail, un proiect dedicat promov\u0103rii unei aventuri de bikepacking \u00een regim de autosus\u021binere \u00een Transilvania, Rom\u00e2nia, \u0219i partaj\u0103rii informa\u021biilor despre traseu, regiune \u0219i edi\u021biile viitoare ale evenimentului.<\/p><p><span style=\"font-weight: 400;\">Site-ul Transylvania Trail este de\u021binut \u0219i operat de Rotas Digital S.R.L., o persoan\u0103 juridic\u0103 de drept privat cu sediul \u00een Rom\u00e2nia (denumit \u00een continuare \u201eTitular\u201d).<\/span><\/p><p><span style=\"font-weight: 400;\">Termenii de Utilizare reglementeaz\u0103 accesul la \u0219i utilizarea Site\u2011ului, incluz\u00e2nd, f\u0103r\u0103 a se limita la, vizualizarea con\u021binutului, utilizarea func\u021bionalit\u0103\u021bilor interactive, transmiterea de informa\u021bii \u0219i efectuarea procedurilor de \u00eenregistrare. Prin accesarea, navigarea sau utilizarea oric\u0103ror func\u021bii ale Site\u2011ului, Utilizatorul declar\u0103 c\u0103 a citit, a \u00een\u021beles \u0219i accept\u0103 s\u0103 respecte integral ace\u0219ti Termeni de Utilizare.<\/span><\/p><p><span style=\"font-weight: 400;\">Termenii de Utilizare pot fi modifica\u021bi \u0219i actualiza\u021bi \u00een orice moment de c\u0103tre administratorul site-ului, denumit \u00een continuare \u201eAdministratorul\u201d, f\u0103r\u0103 notificarea prealabil\u0103 a persoanelor care \u00eel utilizeaz\u0103, denumite \u00een continuare \u201eUtilizatori\u201d. Modific\u0103rile produc efecte de la data public\u0103rii pe site.<\/span><\/p><p><span style=\"font-weight: 400;\">Utilizatorii pot accesa permanent Termenii de Utilizare \u0219i accept\u0103 c\u0103 navigarea \u0219i utilizarea \u00een continuare a Site\u2011ului constituie acordul lor asupra oric\u0103ror modific\u0103ri efectuate.<\/span><\/p><p><span style=\"font-weight: 400;\">\u00cen cazul \u00een care nu sunt de acord cu Termenii de Utilizare, Utilizatorii vor \u00eenceta accesarea acestui serviciu.<\/span><\/p>\t\t\t\t\t\t\t\t<\/div>\n\t\t\t\t<div class=\"elementor-element elementor-element-42230e2 elementor-widget elementor-widget-heading\" data-id=\"42230e2\" data-element_type=\"widget\" data-e-type=\"widget\" data-widget_type=\"heading.default\">\n\t\t\t\t\t<h3 class=\"elementor-heading-title elementor-size-default\">Furnizarea \u0219i securitatea datelor<\/h3>\t\t\t\t<\/div>\n\t\t\t\t<div class=\"elementor-element elementor-element-12a4ec3 elementor-widget elementor-widget-text-editor\" data-id=\"12a4ec3\" data-element_type=\"widget\" data-e-type=\"widget\" data-widget_type=\"text-editor.default\">\n\t\t\t\t\t\t\t\t\t<p><span style=\"font-weight: 400;\">Participan\u021bii la eveniment vor furniza date personale complete \u0219i exacte, a\u0219a cum sunt solicitate \u00een formularul de \u00eenregistrare.<\/span><\/p><p><span style=\"font-weight: 400;\">Participan\u021bii au obliga\u021bia de a-\u0219i actualiza datele personale ori de c\u00e2te ori informa\u021biile furnizate anterior \u00een formularul de \u00eenregistrare nu mai corespund realit\u0103\u021bii. Datele personale sunt confiden\u021biale.<\/span><\/p>\t\t\t\t\t\t\t\t<\/div>\n\t\t\t\t<div class=\"elementor-element elementor-element-1f22c2e elementor-widget elementor-widget-heading\" data-id=\"1f22c2e\" data-element_type=\"widget\" data-e-type=\"widget\" data-widget_type=\"heading.default\">\n\t\t\t\t\t<h3 class=\"elementor-heading-title elementor-size-default\">Utilizarea informa\u021biilor Transylvania Trail<\/h3>\t\t\t\t<\/div>\n\t\t\t\t<div class=\"elementor-element elementor-element-94ad884 elementor-widget elementor-widget-text-editor\" data-id=\"94ad884\" data-element_type=\"widget\" data-e-type=\"widget\" data-widget_type=\"text-editor.default\">\n\t\t\t\t\t\t\t\t\t<p><span style=\"font-weight: 400;\">Informa\u021biile con\u021binute pe Site sunt dedicate utiliz\u0103rii de c\u0103tre Utilizatori \u00een scopul inform\u0103rii \u0219i promov\u0103rii proiectului \u0219i nu pot face obiectul comercializ\u0103rii sub nicio form\u0103. Utilizarea ilegal\u0103 sau neautorizat\u0103 a informa\u021biilor de pe Site, incluz\u00e2nd, dar f\u0103r\u0103 a se limita la imagini, videoclipuri, fotografii sau a oricare alte informa\u021bii sau date \u00een scop de comercializare, difuzare sau trimitere de mesaje nesolicitate, este strict interzis\u0103.<\/span><\/p><p><span style=\"font-weight: 400;\">Informa\u021biile con\u021binute pe Site pot include descrieri ale traseelor, h\u0103r\u021bi, fotografii, articole \u0219i alte materiale informative. Toate aceste materiale au doar scop informativ \u0219i nu constituie consultan\u021b\u0103 profesional\u0103 privind naviga\u021bia, siguran\u021ba sau nivelul de condi\u021bie fizic\u0103.<\/span><\/p>\t\t\t\t\t\t\t\t<\/div>\n\t\t\t\t<div class=\"elementor-element elementor-element-e9382b8 elementor-widget elementor-widget-heading\" data-id=\"e9382b8\" data-element_type=\"widget\" data-e-type=\"widget\" data-widget_type=\"heading.default\">\n\t\t\t\t\t<h3 class=\"elementor-heading-title elementor-size-default\">Proprietatea con\u021binutului<\/h3>\t\t\t\t<\/div>\n\t\t\t\t<div class=\"elementor-element elementor-element-93a8d0c elementor-widget elementor-widget-text-editor\" data-id=\"93a8d0c\" data-element_type=\"widget\" data-e-type=\"widget\" data-widget_type=\"text-editor.default\">\n\t\t\t\t\t\t\t\t\t<p><span style=\"font-weight: 400;\">\u201eCon\u021binutul\u201d este definit ca fiind toate informa\u021biile con\u021binute \u00een Site-ul Transylvania Trail, sub form\u0103 de text, date, software, videoclipuri sau imagini. Con\u021binutul Site-ului este proprietatea Titularului \u0219i nu poate fi copiat, difuzat, v\u00e2ndut sau rev\u00e2ndut dec\u00e2t cu acordul scris al acesteia. Utilizarea neautorizat\u0103 a informa\u021biilor, m\u0103rcilor comerciale sau a oric\u0103ror date de pe Site este strict interzis\u0103; \u00een caz de \u00eenc\u0103lcare a acestor prevederi, Titularul \u00ee\u0219i rezerv\u0103 dreptul de a ini\u021bia orice demersuri necesare pentru \u00eenc\u0103lcarea drepturilor sale \u0219i \u00een scopul recuper\u0103rii oric\u0103rui prejudiciu cauzat.<\/span><\/p><p><span style=\"font-weight: 400;\">Prin transmiterea de Con\u021binut c\u0103tre Site sau c\u0103tre platformele de marketing asociate, acorda\u021bi, \u00een mod gratuit, Titularului dreptul de a utiliza, reproduce \u0219i afi\u0219a respectivul con\u021binut \u00een leg\u0103tur\u0103 cu Site-ul \u0219i promovarea evenimentului Transylvania Trail.<\/span><\/p>\t\t\t\t\t\t\t\t<\/div>\n\t\t\t\t<div class=\"elementor-element elementor-element-5310e46 elementor-widget elementor-widget-heading\" data-id=\"5310e46\" data-element_type=\"widget\" data-e-type=\"widget\" data-widget_type=\"heading.default\">\n\t\t\t\t\t<h3 class=\"elementor-heading-title elementor-size-default\">Limitarea r\u0103spunderii<\/h3>\t\t\t\t<\/div>\n\t\t\t\t<div class=\"elementor-element elementor-element-a1d14f5 elementor-widget elementor-widget-text-editor\" data-id=\"a1d14f5\" data-element_type=\"widget\" data-e-type=\"widget\" data-widget_type=\"text-editor.default\">\n\t\t\t\t\t\t\t\t\t<p><span style=\"font-weight: 400;\">Utilizatorii \u00een\u021beleg \u0219i sunt de acord cu urm\u0103toarele:<\/span><\/p><ul><li style=\"font-weight: 400;\" aria-level=\"1\"><span style=\"font-weight: 400;\">Utilizarea informa\u021biilor \u0219i a serviciilor Site-ului Transylvania Trail se face pe r\u0103spunderea proprie a Utilizatorului. Serviciile sunt furnizate pe baza principiului \u201ea\u0219a cum sunt\u201d sau \u201ea\u0219a cum sunt disponibile\u201d.<\/span><\/li><li style=\"font-weight: 400;\" aria-level=\"1\"><span style=\"font-weight: 400;\">Pot exista \u00eentreruperi, erori, \u00eent\u00e2rzieri \u00een furnizarea serviciilor sau \u00een corectarea erorilor de software, inclusiv cu privire la informa\u021biile publicate pe Sit.<\/span><\/li><li style=\"font-weight: 400;\" aria-level=\"1\"><span style=\"font-weight: 400;\">Nicio informa\u021bie ob\u021binut\u0103 de pe sau prin intermediul Site-ului nu va crea nicio responsabilitate pentru Titular.<\/span><\/li><li style=\"font-weight: 400;\" aria-level=\"1\"><span style=\"font-weight: 400;\">Dac\u0103 Site-ul v\u0103 permite s\u0103 transmite\u021bi comentarii, testimoniale, fotografii sau alte materiale, sunte\u021bi responsabil s\u0103 v\u0103 asigura\u021bi c\u0103 respectivul con\u021binut este legal, nu \u00eencalc\u0103 drepturile ter\u021bilor \u0219i nu este def\u0103im\u0103tor, discriminatoriu sau d\u0103un\u0103tor \u00een alt mod.<\/span><\/li><\/ul><p><span style=\"font-weight: 400;\">Site-ul poate con\u021bine link-uri c\u0103tre site-uri web sau servicii ale ter\u021bilor, cum ar fi furnizori de cazare, servicii de transport, platforme de cartografiere sau re\u021bele sociale. Aceste site-uri externe sunt operate de entit\u0103\u021bi independente, iar Transylvania Trail nu are niciun control asupra con\u021binutului, politicilor sau disponibilit\u0103\u021bii acestora. Accesarea unor astfel de resurse ter\u021be se face pe propriul risc \u0219i este supus\u0103 propriilor termeni \u0219i politici de confiden\u021bialitate ale acestora.<\/span><\/p>\t\t\t\t\t\t\t\t<\/div>\n\t\t\t\t<div class=\"elementor-element elementor-element-061de5b elementor-widget elementor-widget-heading\" data-id=\"061de5b\" data-element_type=\"widget\" data-e-type=\"widget\" data-widget_type=\"heading.default\">\n\t\t\t\t\t<h3 class=\"elementor-heading-title elementor-size-default\">\u00censcriere \u0219i plat\u0103<\/h3>\t\t\t\t<\/div>\n\t\t\t\t<div class=\"elementor-element elementor-element-add00dd elementor-widget elementor-widget-text-editor\" data-id=\"add00dd\" data-element_type=\"widget\" data-e-type=\"widget\" data-widget_type=\"text-editor.default\">\n\t\t\t\t\t\t\t\t\t<p><span style=\"font-weight: 400;\">Titularul ofer\u0103 posibilitatea \u00eenscrierii \u0219i pl\u0103\u021bii online pentru evenimentele Transylvania Trail.<\/span><\/p><p><span style=\"font-weight: 400;\">La plasarea unei comenzi, clientul accept\u0103 f\u0103r\u0103 obiec\u021biuni Termenii de Utilizare, valoarea acestora fiind aceea\u0219i cu cea a unui contract \u00eencheiat \u00een mod valabil. Prin acceptarea acestor Termeni de Utilizare, clientul \u00ee\u0219i asum\u0103 pe deplin drepturile \u0219i obliga\u021biile care decurg din \u00eenregistrare.<\/span><\/p><p><span style=\"font-weight: 400;\">Utilizatorii trebuie s\u0103 aib\u0103 cel pu\u021bin 18 ani \u00eemplini\u021bi la data plas\u0103rii unei comenzi.<\/span><\/p><p class=\"translation-block\">Pentru clarific\u0103ri sau diverse probleme care pot ap\u0103rea \u00een timpul sau dup\u0103 procesul de \u00eenregistrare \u0219i plat\u0103, Utilizatorii se pot adresa la urm\u0103toarele date de contact:<a href=\"mailto:info@transylvaniatrail.com\" target=\"_self\">info@transylvaniatrail.com<\/a><\/p>\t\t\t\t\t\t\t\t<\/div>\n\t\t\t\t<div class=\"elementor-element elementor-element-52f5b26 elementor-widget elementor-widget-heading\" data-id=\"52f5b26\" data-element_type=\"widget\" data-e-type=\"widget\" data-widget_type=\"heading.default\">\n\t\t\t\t\t<h3 class=\"elementor-heading-title elementor-size-default\">Alte prevederi<\/h3>\t\t\t\t<\/div>\n\t\t\t\t<div class=\"elementor-element elementor-element-b9907ee elementor-widget elementor-widget-text-editor\" data-id=\"b9907ee\" data-element_type=\"widget\" data-e-type=\"widget\" data-widget_type=\"text-editor.default\">\n\t\t\t\t\t\t\t\t\t<p><span style=\"font-weight: 400;\">Titularul poate, \u00een orice moment \u0219i \u00een mod unilateral, s\u0103 suspende, s\u0103 modifice, s\u0103 adauge sau s\u0103 \u0219tearg\u0103 p\u0103r\u021bi din Con\u021binutul furnizat pe Site-ul Transylvania Trail.<\/span><\/p><p><span style=\"font-weight: 400;\">Administratorul poate modifica ace\u0219ti Termeni de Utilizare \u00een orice moment, f\u0103r\u0103 notificare prealabil\u0103. Noile reguli vor intra \u00een vigoare din momentul afi\u0219\u0103rii lor pe Site. Atunci c\u00e2nd termenii \u0219i condi\u021biile de utilizare a Site-ului sunt modificate data \u201eultimei actualiz\u0103ri\u201d va fi ajustat\u0103 corespunz\u0103tor.<\/span><\/p>\t\t\t\t\t\t\t\t<\/div>\n\t\t\t\t<div class=\"elementor-element elementor-element-249cfe6 elementor-widget elementor-widget-heading\" data-id=\"249cfe6\" data-element_type=\"widget\" data-e-type=\"widget\" data-widget_type=\"heading.default\">\n\t\t\t\t\t<h3 class=\"elementor-heading-title elementor-size-default\">Legisla\u021bia aplicabil\u0103<\/h3>\t\t\t\t<\/div>\n\t\t\t\t<div class=\"elementor-element elementor-element-63567a8 elementor-widget elementor-widget-text-editor\" data-id=\"63567a8\" data-element_type=\"widget\" data-e-type=\"widget\" data-widget_type=\"text-editor.default\">\n\t\t\t\t\t\t\t\t\t<p><span style=\"font-weight: 400;\">Drepturile \u0219i obliga\u021biile p\u0103r\u021bilor, a\u0219a cum sunt prev\u0103zute \u00een prezentul document, precum \u0219i efectele juridice produse de acesta, sunt guvernate de legea rom\u00e2n\u0103.<\/span><\/p><p><span style=\"font-weight: 400;\">Orice litigiu decurg\u00e2nd din sau \u00een leg\u0103tur\u0103 cu acest document se va solu\u021biona pe cale amiabil\u0103. \u00cen cazul \u00een care rezolvarea disputelor nu este posibil\u0103 pe cale amiabil\u0103, p\u0103r\u021bile se vor adresa instan\u021belor judec\u0103tore\u0219ti competente.<\/span><\/p>\t\t\t\t\t\t\t\t<\/div>\n\t\t\t\t<div class=\"elementor-element elementor-element-c48b97a elementor-widget elementor-widget-heading\" data-id=\"c48b97a\" data-element_type=\"widget\" data-e-type=\"widget\" data-widget_type=\"heading.default\">\n\t\t\t\t\t<h3 class=\"elementor-heading-title elementor-size-default\">Utilizarea datelor cu caracter personal<\/h3>\t\t\t\t<\/div>\n\t\t\t\t<div class=\"elementor-element elementor-element-f64283c elementor-widget elementor-widget-text-editor\" data-id=\"f64283c\" data-element_type=\"widget\" data-e-type=\"widget\" data-widget_type=\"text-editor.default\">\n\t\t\t\t\t\t\t\t\t<p><span style=\"font-weight: 400;\">Scopul colect\u0103rii datelor cu caracter personal este de a ne permite s\u0103 v\u0103 contact\u0103m \u00een cazul \u00eenregistr\u0103rii, de a v\u0103 furniza informa\u021bii despre eveniment, care sunt disponibile doar dup\u0103 \u00eenregistrare \u0219i de a v\u0103 informa despre actualiz\u0103rile \u0219i modific\u0103rile care apar \u00een program.<\/span><\/p><p><span style=\"font-weight: 400;\">Conform Regulamentului General privind Protec\u021bia Datelor (GDPR) care a intrat \u00een vigoare la 25 mai 2018, v\u0103 reamintim c\u0103 ave\u021bi urm\u0103toarele drepturi:<\/span><\/p><ul><li style=\"font-weight: 400;\" aria-level=\"1\"><span style=\"font-weight: 400;\">dreptul la informare, acces, rectificare \u0219i interven\u021bie asupra datelor;<\/span><\/li><li style=\"font-weight: 400;\" aria-level=\"1\"><span style=\"font-weight: 400;\">dreptul de a nu fi supus unei decizii individuale;<\/span><\/li><li style=\"font-weight: 400;\" aria-level=\"1\"><span style=\"font-weight: 400;\">dreptul de a ob\u021bine restric\u021bionarea prelucr\u0103rii \u0219i portabilitatea datelor;<\/span><\/li><li style=\"font-weight: 400;\" aria-level=\"1\"><span style=\"font-weight: 400;\">dreptul de a v\u0103 opune prelucr\u0103rii \u0219i de a solicita \u0219tergerea datelor cu caracter personal care v\u0103 privesc; precum \u0219i dreptul de a nu face obiectul unei decizii bazate exclusiv pe mijloace automatizate.<\/span><\/li><\/ul><p><span style=\"font-weight: 400;\">P\u0103str\u0103m datele dumneavoastr\u0103 cu caracter personal pentru o perioad\u0103 de 3 ani.<\/span><\/p><p class=\"translation-block\">Pentru exercitarea acestor drepturi, pute\u021bi trimite o cerere scris\u0103, datat\u0103 \u0219i semnat\u0103 la adresa <a href=\"mailto:info@transylvaniatrail.com\" target=\"_self\">info@transylvaniatrail.com<\/a>. De asemenea, v\u0103 este recunoscut dreptul de a v\u0103 adresa justi\u021biei.<\/p>\t\t\t\t\t\t\t\t<\/div>\n\t\t\t\t<\/div>\n\t\t\t\t<div class=\"elementor-element elementor-element-f0a0969 elementor-absolute cstm-upper-lip elementor-widget elementor-widget-image\" data-id=\"f0a0969\" data-element_type=\"widget\" data-e-type=\"widget\" data-settings=\"{&quot;_position&quot;:&quot;absolute&quot;}\" data-widget_type=\"image.default\">\n\t\t\t\t\t\t\t\t\t\t\t\t\t\t\t<img fetchpriority=\"high\" decoding=\"async\" width=\"834\" height=\"116\" src=\"https:\/\/transylvaniatrail.com\/wp-content\/uploads\/2025\/11\/bg-upper-lip-02.svg\" class=\"attachment-full size-full wp-image-960\" alt=\"\" \/>\t\t\t\t\t\t\t\t\t\t\t\t\t\t\t<\/div>\n\t\t\t\t<\/div>\n\t\t<div class=\"elementor-element elementor-element-d0686fe e-con-full e-flex e-con e-parent\" data-id=\"d0686fe\" data-element_type=\"container\" data-e-type=\"container\" data-settings=\"{&quot;background_background&quot;:&quot;classic&quot;}\">\n\t\t<div class=\"elementor-element elementor-element-38ca78d e-con-full e-flex e-con e-child\" data-id=\"38ca78d\" data-element_type=\"container\" data-e-type=\"container\">\n\t\t\t\t<div class=\"elementor-element elementor-element-0b64d1c elementor-widget elementor-widget-image\" data-id=\"0b64d1c\" data-element_type=\"widget\" data-e-type=\"widget\" data-widget_type=\"image.default\">\n\t\t\t\t\t\t\t\t\t\t\t\t\t\t\t<img decoding=\"async\" width=\"214\" height=\"32\" src=\"https:\/\/transylvaniatrail.com\/wp-content\/uploads\/2025\/11\/icon-route-04.png\" class=\"attachment-full size-full wp-image-628\" alt=\"\" \/>\t\t\t\t\t\t\t\t\t\t\t\t\t\t\t<\/div>\n\t\t\t\t<div class=\"elementor-element elementor-element-7addfc9 elementor-widget elementor-widget-heading\" data-id=\"7addfc9\" data-element_type=\"widget\" data-e-type=\"widget\" data-widget_type=\"heading.default\">\n\t\t\t\t\t<div class=\"elementor-heading-title elementor-size-default\">prima edi\u021bie<\/div>\t\t\t\t<\/div>\n\t\t\t\t<div class=\"elementor-element elementor-element-e00eb12 elementor-widget elementor-widget-heading\" data-id=\"e00eb12\" data-element_type=\"widget\" data-e-type=\"widget\" data-widget_type=\"heading.default\">\n\t\t\t\t\t<h2 class=\"elementor-heading-title elementor-size-default\">povestea incepe in 2026<\/h2>\t\t\t\t<\/div>\n\t\t\t\t<\/div>\n\t\t<div class=\"elementor-element elementor-element-88c7c62 e-con-full e-flex e-con e-child\" data-id=\"88c7c62\" data-element_type=\"container\" data-e-type=\"container\">\n\t\t\t\t<div class=\"elementor-element elementor-element-a8bf498 nobr elementor-widget elementor-widget-text-editor\" data-id=\"a8bf498\" data-element_type=\"widget\" data-e-type=\"widget\" data-widget_type=\"text-editor.default\">\n\t\t\t\t\t\t\t\t\t<p>Prima edi\u021bie a oric\u0103rei aventuri e special\u0103. Este ca o poveste care a\u0219teapt\u0103 s\u0103 fie scris\u0103. Aceasta e \u0219ansa ta s\u0103 formezi spiritul traseului pentru to\u021bi cei care vor veni dup\u0103 tine.<\/p>\t\t\t\t\t\t\t\t<\/div>\n\t\t\t\t<div class=\"elementor-element elementor-element-371a562 elementor-widget elementor-widget-heading\" data-id=\"371a562\" data-element_type=\"widget\" data-e-type=\"widget\" data-widget_type=\"heading.default\">\n\t\t\t\t\t<h4 class=\"elementor-heading-title elementor-size-default\">fii printre pu\u021binii care particip\u00e3 la prima edi\u021bie <\/h4>\t\t\t\t<\/div>\n\t\t\t\t<div class=\"elementor-element elementor-element-43a285b elementor-widget elementor-widget-button\" data-id=\"43a285b\" data-element_type=\"widget\" data-e-type=\"widget\" data-widget_type=\"button.default\">\n\t\t\t\t\t\t\t\t\t\t<a class=\"elementor-button elementor-button-link elementor-size-sm\" href=\"https:\/\/transylvaniatrail.com\/ro\/register\/\">\n\t\t\t\t\t\t<span class=\"elementor-button-content-wrapper\">\n\t\t\t\t\t\t\t\t\t<span class=\"elementor-button-text\">Al\u00e3tur\u00e3-te primei edi\u021bii<\/span>\n\t\t\t\t\t<\/span>\n\t\t\t\t\t<\/a>\n\t\t\t\t\t\t\t\t<\/div>\n\t\t\t\t<\/div>\n\t\t\t\t<\/div>\n\t\t\t\t<\/div>","protected":false},"excerpt":{"rendered":"<p>Terms of Use General www.transylvaniatrail.com is the official website of the Transylvania Trail event, a project dedicated to promoting a [&hellip;]<\/p>\n","protected":false},"author":2,"featured_media":0,"parent":0,"menu_order":0,"comment_status":"closed","ping_status":"closed","template":"","meta":{"_uag_custom_page_level_css":"","site-sidebar-layout":"no-sidebar","site-content-layout":"","ast-site-content-layout":"full-width-container","site-content-style":"default","site-sidebar-style":"default","ast-global-header-display":"","ast-banner-title-visibility":"disabled","ast-main-header-display":"","ast-hfb-above-header-display":"","ast-hfb-below-header-display":"","ast-hfb-mobile-header-display":"","site-post-title":"","ast-breadcrumbs-content":"","ast-featured-img":"disabled","footer-sml-layout":"","ast-disable-related-posts":"","theme-transparent-header-meta":"","adv-header-id-meta":"","stick-header-meta":"","header-above-stick-meta":"","header-main-stick-meta":"","header-below-stick-meta":"","astra-migrate-meta-layouts":"default","ast-page-background-enabled":"default","ast-page-background-meta":{"desktop":{"background-color":"var(--ast-global-color-5)","background-image":"","background-repeat":"repeat","background-position":"center center","background-size":"auto","background-attachment":"scroll","background-type":"","background-media":"","overlay-type":"","overlay-color":"","overlay-opacity":"","overlay-gradient":""},"tablet":{"background-color":"","background-image":"","background-repeat":"repeat","background-position":"center center","background-size":"auto","background-attachment":"scroll","background-type":"","background-media":"","overlay-type":"","overlay-color":"","overlay-opacity":"","overlay-gradient":""},"mobile":{"background-color":"","background-image":"","background-repeat":"repeat","background-position":"center center","background-size":"auto","background-attachment":"scroll","background-type":"","background-media":"","overlay-type":"","overlay-color":"","overlay-opacity":"","overlay-gradient":""}},"ast-content-background-meta":{"desktop":{"background-color":"var(--ast-global-color-4)","background-image":"","background-repeat":"repeat","background-position":"center center","background-size":"auto","background-attachment":"scroll","background-type":"","background-media":"","overlay-type":"","overlay-color":"","overlay-opacity":"","overlay-gradient":""},"tablet":{"background-color":"var(--ast-global-color-4)","background-image":"","background-repeat":"repeat","background-position":"center center","background-size":"auto","background-attachment":"scroll","background-type":"","background-media":"","overlay-type":"","overlay-color":"","overlay-opacity":"","overlay-gradient":""},"mobile":{"background-color":"var(--ast-global-color-4)","background-image":"","background-repeat":"repeat","background-position":"center center","background-size":"auto","background-attachment":"scroll","background-type":"","background-media":"","overlay-type":"","overlay-color":"","overlay-opacity":"","overlay-gradient":""}},"footnotes":""},"class_list":["post-3042","page","type-page","status-publish","hentry"],"uagb_featured_image_src":{"full":false,"thumbnail":false,"medium":false,"medium_large":false,"large":false,"1536x1536":false,"2048x2048":false,"trp-custom-language-flag":false,"woocommerce_thumbnail":false,"woocommerce_single":false,"woocommerce_gallery_thumbnail":false},"uagb_author_info":{"display_name":"Goran Stankovic","author_link":"https:\/\/transylvaniatrail.com\/ro\/author\/gorans\/"},"uagb_comment_info":0,"uagb_excerpt":"Terms of Use General www.transylvaniatrail.com is the official website of the Transylvania Trail event, a project dedicated to promoting a [&hellip;]","jetpack_sharing_enabled":true,"_links":{"self":[{"href":"https:\/\/transylvaniatrail.com\/ro\/wp-json\/wp\/v2\/pages\/3042","targetHints":{"allow":["GET"]}}],"collection":[{"href":"https:\/\/transylvaniatrail.com\/ro\/wp-json\/wp\/v2\/pages"}],"about":[{"href":"https:\/\/transylvaniatrail.com\/ro\/wp-json\/wp\/v2\/types\/page"}],"author":[{"embeddable":true,"href":"https:\/\/transylvaniatrail.com\/ro\/wp-json\/wp\/v2\/users\/2"}],"replies":[{"embeddable":true,"href":"https:\/\/transylvaniatrail.com\/ro\/wp-json\/wp\/v2\/comments?post=3042"}],"version-history":[{"count":31,"href":"https:\/\/transylvaniatrail.com\/ro\/wp-json\/wp\/v2\/pages\/3042\/revisions"}],"predecessor-version":[{"id":4410,"href":"https:\/\/transylvaniatrail.com\/ro\/wp-json\/wp\/v2\/pages\/3042\/revisions\/4410"}],"wp:attachment":[{"href":"https:\/\/transylvaniatrail.com\/ro\/wp-json\/wp\/v2\/media?parent=3042"}],"curies":[{"name":"wp","href":"https:\/\/api.w.org\/{rel}","templated":true}]}}