{"id":1610,"date":"2025-11-30T16:22:09","date_gmt":"2025-11-30T16:22:09","guid":{"rendered":"https:\/\/transylvaniatrail.com\/?page_id=1610"},"modified":"2026-04-20T20:14:40","modified_gmt":"2026-04-20T17:14:40","slug":"faq","status":"publish","type":"page","link":"https:\/\/transylvaniatrail.com\/ro\/faq\/","title":{"rendered":"FAQ"},"content":{"rendered":"<div data-elementor-type=\"wp-page\" data-elementor-id=\"1610\" class=\"elementor elementor-1610\" data-elementor-post-type=\"page\">\n\t\t\t\t<div class=\"elementor-element elementor-element-18425cd e-con-full e-flex e-con e-parent\" data-id=\"18425cd\" data-element_type=\"container\" data-e-type=\"container\" data-settings=\"{&quot;background_background&quot;:&quot;classic&quot;}\">\n\t\t\t\t<div class=\"elementor-element elementor-element-e0b0af2 elementor-widget elementor-widget-heading\" data-id=\"e0b0af2\" data-element_type=\"widget\" data-e-type=\"widget\" data-widget_type=\"heading.default\">\n\t\t\t\t\t<h2 class=\"elementor-heading-title elementor-size-default translation-block\">ce trebuie s\u0101 \u0219tii<\/h2>\t\t\t\t<\/div>\n\t\t<div class=\"elementor-element elementor-element-61eac8c e-flex e-con-boxed e-con e-child\" data-id=\"61eac8c\" data-element_type=\"container\" data-e-type=\"container\">\n\t\t\t\t\t<div class=\"e-con-inner\">\n\t\t\t\t<div class=\"elementor-element elementor-element-08e91e9 elementor-widget elementor-widget-heading\" data-id=\"08e91e9\" data-element_type=\"widget\" data-e-type=\"widget\" data-widget_type=\"heading.default\">\n\t\t\t\t\t<h3 class=\"elementor-heading-title elementor-size-default\">pot face traseul cu o bicicleta gravel sau imi trebuie un mTB?<\/h3>\t\t\t\t<\/div>\n\t\t\t\t<div class=\"elementor-element elementor-element-ef719c2 elementor-widget elementor-widget-text-editor\" data-id=\"ef719c2\" data-element_type=\"widget\" data-e-type=\"widget\" data-widget_type=\"text-editor.default\">\n\t\t\t\t\t\t\t\t\t<p>\u0218i una, \u0219i alta. Cu o biciclet\u0103 gravel vei fi mai rapid pe sec\u021biunile cu drumuri de asfalt, dar ai nevoie de tehnic\u0103 \u0219i \u00eencredere pe teren accidentat. O biciclet\u0103 MTB e mai potrivit\u0103 pe sec\u021biunile tehnice, dar mai pu\u021bin eficient\u0103 pe drumurile plate. Dac\u0103 alegi gravel, \u00ee\u021bi recomand\u0103m cauciucuri de 42 mm+ pentru trac\u021biune mai bun\u0103 \u0219i confort. Decizia este a ta \u0219i \u021bine de nivelul t\u0103u de tehnic\u0103, preg\u0103tirea fizic\u0103 \u0219i c\u00e2t echipament vei avea cu tine. \u00ce\u021bi recomand\u0103m s\u0103 testezi setup-ul \u00eenainte de tur\u0103.<\/p>\t\t\t\t\t\t\t\t<\/div>\n\t\t\t\t<div class=\"elementor-element elementor-element-3debdd8 elementor-widget elementor-widget-heading\" data-id=\"3debdd8\" data-element_type=\"widget\" data-e-type=\"widget\" data-widget_type=\"heading.default\">\n\t\t\t\t\t<h3 class=\"elementor-heading-title elementor-size-default\">de cat timp am nevoie sa termin traseul?<\/h3>\t\t\t\t<\/div>\n\t\t\t\t<div class=\"elementor-element elementor-element-b904daa elementor-widget elementor-widget-text-editor\" data-id=\"b904daa\" data-element_type=\"widget\" data-e-type=\"widget\" data-widget_type=\"text-editor.default\">\n\t\t\t\t\t\t\t\t\t<p>Majoritatea cicli\u0219tilor preg\u0103ti\u021bi ar trebui s\u0103 termine traseul \u00een 4\u20135 zile, \u00eens\u0103 nu exist\u0103 limit\u0103 de timp. Unii vor avea nevoie de 6 zile, poate \u0219i mai mult, pentru c\u0103 doresc s\u0103 se bucure de traseu. Al\u021bii vor \u00eencerca s\u0103 termine c\u00e2t mai repede. Frumuse\u021bea unei ture pe cont propriu este c\u0103 tu decizi programul. Te opre\u0219ti c\u00e2nd e\u0219ti obosit. Pedalezi c\u00e2nd ai chef. Nu exist\u0103 cronometru.<\/p>\t\t\t\t\t\t\t\t<\/div>\n\t\t\t\t<div class=\"elementor-element elementor-element-cb5bedd elementor-widget elementor-widget-heading\" data-id=\"cb5bedd\" data-element_type=\"widget\" data-e-type=\"widget\" data-widget_type=\"heading.default\">\n\t\t\t\t\t<h3 class=\"elementor-heading-title elementor-size-default\">unde ma pot caza sau lua masa pe traseu?<\/h3>\t\t\t\t<\/div>\n\t\t\t\t<div class=\"elementor-element elementor-element-58e24cc elementor-widget elementor-widget-text-editor\" data-id=\"58e24cc\" data-element_type=\"widget\" data-e-type=\"widget\" data-widget_type=\"text-editor.default\">\n\t\t\t\t\t\t\t\t\t<p>Tu decizi. Studiaz\u0103 dinainte traseul GPX \u0219i stabile\u0219te-\u021bi reperele. Po\u021bi rezerva cazare pe platformele binecunoscute \u2013 Booking.com sau Airbnb, sau mergi f\u0103r\u0103 plan dinainte stabilit \u0219i hot\u0103r\u0103\u0219ti pe loc unde \u00eennoptezi. Traseul trece prin sate sau ora\u0219e \u00een mod regulat \u2014 nu vei r\u0103m\u00e2ne f\u0103r\u0103 m\u00e2ncare sau loc de cazare. Totu\u0219i, dac\u0103 preferi varianta f\u0103r\u0103 plan, asigur\u0103-te c\u0103 e\u0219ti autonom \u0219i po\u021bi dormi sub cerul liber sau la cort \u00een caz de necesitate.<\/p>\t\t\t\t\t\t\t\t<\/div>\n\t\t\t\t<div class=\"elementor-element elementor-element-1ba79e5 elementor-widget elementor-widget-heading\" data-id=\"1ba79e5\" data-element_type=\"widget\" data-e-type=\"widget\" data-widget_type=\"heading.default\">\n\t\t\t\t\t<h3 class=\"elementor-heading-title elementor-size-default\">Unde este punctul de plecare?<\/h3>\t\t\t\t<\/div>\n\t\t\t\t<div class=\"elementor-element elementor-element-88741c5 elementor-widget elementor-widget-text-editor\" data-id=\"88741c5\" data-element_type=\"widget\" data-e-type=\"widget\" data-widget_type=\"text-editor.default\">\n\t\t\t\t\t\t\t\t\t<p class=\"translation-block\">Plecare se va da din Sibiu. Loca\u021bia exact\u0103 va fi comunicat\u0103 la deschiderea \u00eenscrierilor.\n<br><br>\n<strong>Cu avionul:<\/strong>\u00a0Aeroporturile din Sibiu (SBZ) si Cluj (CLJ) opereaz\u00e3 zilnic zboruri din multe ora\u0219e mari europene.\n<br><br>\n<strong>Cu ma\u0219ina:<\/strong>\u00a0La Sibiu se ajunge u\u0219or pe \u0219osea din mai toate p\u00e3r\u021bile \u021b\u00e3rii.\n<br><br>\n<strong>Cu trenul:<\/strong>\u00a0Sibiu are trenuri directe din multe ora\u0219e mari din Romania.<\/p>\t\t\t\t\t\t\t\t<\/div>\n\t\t\t\t<div class=\"elementor-element elementor-element-a881ed7 elementor-widget elementor-widget-heading\" data-id=\"a881ed7\" data-element_type=\"widget\" data-e-type=\"widget\" data-widget_type=\"heading.default\">\n\t\t\t\t\t<h3 class=\"elementor-heading-title elementor-size-default\">pot sa campez pe traseu?<\/h3>\t\t\t\t<\/div>\n\t\t\t\t<div class=\"elementor-element elementor-element-2b1b000 elementor-widget elementor-widget-text-editor\" data-id=\"2b1b000\" data-element_type=\"widget\" data-e-type=\"widget\" data-widget_type=\"text-editor.default\">\n\t\t\t\t\t\t\t\t\t<p>Campingul s\u0103lbatic este permis pe teren public (evit\u0103 zonele protejate), dar respect\u0103 proprietatea privat\u0103 \u2014 nu campa f\u0103r\u0103 permisiune. Aplic\u0103 principiile \u201eLeave No Trace\u201d: str\u00e2nge gunoaiele \u0219i \u00eengroap\u0103 de\u0219eurile umane pentru a minimiza impactul asupra naturii. Pentru participan\u021bi, vom furniza \u0219i informa\u021bii despre locurile de campare amenajate de pe traseu.<\/p>\t\t\t\t\t\t\t\t<\/div>\n\t\t\t\t<div class=\"elementor-element elementor-element-6dadd5b elementor-widget elementor-widget-heading\" data-id=\"6dadd5b\" data-element_type=\"widget\" data-e-type=\"widget\" data-widget_type=\"heading.default\">\n\t\t\t\t\t<h3 class=\"elementor-heading-title elementor-size-default\">unde pot parca masina?<\/h3>\t\t\t\t<\/div>\n\t\t\t\t<div class=\"elementor-element elementor-element-0a94ea9 elementor-widget elementor-widget-text-editor\" data-id=\"0a94ea9\" data-element_type=\"widget\" data-e-type=\"widget\" data-widget_type=\"text-editor.default\">\n\t\t\t\t\t\t\t\t\t<p>Vei putea folosi parcarea gratuit\u0103 aflat\u0103 \u00een apropierea locului de plecare.<\/p>\t\t\t\t\t\t\t\t<\/div>\n\t\t\t\t<div class=\"elementor-element elementor-element-dd96446 elementor-widget elementor-widget-heading\" data-id=\"dd96446\" data-element_type=\"widget\" data-e-type=\"widget\" data-widget_type=\"heading.default\">\n\t\t\t\t\t<h3 class=\"elementor-heading-title elementor-size-default\">ce fac daca se strica bicicleta?<\/h3>\t\t\t\t<\/div>\n\t\t\t\t<div class=\"elementor-element elementor-element-8f6e322 elementor-widget elementor-widget-text-editor\" data-id=\"8f6e322\" data-element_type=\"widget\" data-e-type=\"widget\" data-widget_type=\"text-editor.default\">\n\t\t\t\t\t\t\t\t\t<p>\u00cen ora\u0219ele mari de pe traseu exist\u0103 service-uri pentru biciclete (Sibiu, Alba Iulia, Media\u0219, Sighi\u0219oara \u0219i altele), dar nu \u00ee\u021bi recomand\u0103m s\u0103 te bazezi pe asta. Ia cu tine un multi-tool, un lan\u021b de rezerv\u0103, camere, un chit de pan\u0103 \u0219i orice alte piese consideri necesar. Pentru o astfel de tur\u0103 pe cont propriu trebuie s\u0103 \u0219tii s\u0103 faci repara\u021bii simple. Dac\u0103 nu ai experien\u021b\u0103 \u00een acest sens, \u00ee\u021bi recomand\u0103m s\u0103 exersezi \u00eenainte de tur\u0103.<\/p>\t\t\t\t\t\t\t\t<\/div>\n\t\t\t\t<div class=\"elementor-element elementor-element-36ed239 elementor-widget elementor-widget-heading\" data-id=\"36ed239\" data-element_type=\"widget\" data-e-type=\"widget\" data-widget_type=\"heading.default\">\n\t\t\t\t\t<h3 class=\"elementor-heading-title elementor-size-default\">ce fac daca trebuie sa ma intorc?<\/h3>\t\t\t\t<\/div>\n\t\t\t\t<div class=\"elementor-element elementor-element-4ca94d1 elementor-widget elementor-widget-text-editor\" data-id=\"4ca94d1\" data-element_type=\"widget\" data-e-type=\"widget\" data-widget_type=\"text-editor.default\">\n\t\t\t\t\t\t\t\t\t<p class=\"translation-block\">Exist\u0103 trenuri directe din F\u0103g\u0103ra\u0219, Sighi\u0219oara, Media\u0219 \u0219i Alba Iulia inapoi la Sibiu. Trenurile pleac\u0103 la intervale regulate \u0219i in general accept\u0103 biciclete.<\/p><p>Din sate po\u021bi ajunge in cel mai apropiat ora\u0219 folosind transportul in comun sau taxi.\u00a0<\/p>\t\t\t\t\t\t\t\t<\/div>\n\t\t\t\t<div class=\"elementor-element elementor-element-45c6843 elementor-widget elementor-widget-heading\" data-id=\"45c6843\" data-element_type=\"widget\" data-e-type=\"widget\" data-widget_type=\"heading.default\">\n\t\t\t\t\t<h3 class=\"elementor-heading-title elementor-size-default\">sunt in siguranta pe traseu?<\/h3>\t\t\t\t<\/div>\n\t\t\t\t<div class=\"elementor-element elementor-element-eb61de7 elementor-widget elementor-widget-text-editor\" data-id=\"eb61de7\" data-element_type=\"widget\" data-e-type=\"widget\" data-widget_type=\"text-editor.default\">\n\t\t\t\t\t\t\t\t\t<p class=\"translation-block\">Da, traseul nu este unul periculos, dar precau\u021bia este \u00eentotdeauna recomandat\u0103. Principalele pericole sunt legate de vreme (schimb\u0103ri bru\u0219te de temperatur\u0103, ploaie, noroi), sec\u021biuni abrupte \u0219i c\u00e2inii de st\u00e2n\u0103. Asigur\u0103-te c\u0103 ai echipament adecvat \u0219i \u00ee\u021bi cuno\u0219ti limitele. Traseul trece \u0219i prin unele zone unde vei \u00eent\u00e2mpina avertiz\u0103ri de animale s\u0103lbatice \u2014 <strong>recomandarea general\u0103 este s\u0103 nu traversezi zonele de p\u0103dure dup\u0103 \u00eenserat.<\/strong> Riscul cel mai mare este reprezentat de epuizarea fizic\u0103 sau o planificare deficitar\u0103.<\/p>\t\t\t\t\t\t\t\t<\/div>\n\t\t\t\t<div class=\"elementor-element elementor-element-6931a61 elementor-widget elementor-widget-heading\" data-id=\"6931a61\" data-element_type=\"widget\" data-e-type=\"widget\" data-widget_type=\"heading.default\">\n\t\t\t\t\t<h3 class=\"elementor-heading-title elementor-size-default\">exista vreo legatura intre Transylvania Trail si Via Transilvanica?<\/h3>\t\t\t\t<\/div>\n\t\t\t\t<div class=\"elementor-element elementor-element-d7e6361 elementor-widget elementor-widget-text-editor\" data-id=\"d7e6361\" data-element_type=\"widget\" data-e-type=\"widget\" data-widget_type=\"text-editor.default\">\n\t\t\t\t\t\t\t\t\t<p>Transylvania Trail nu este asociat\u0103 cu Via Transilvanica. Traseul Transylvania Trail intersecteaz\u0103 por\u021biuni din Via Transilvanica \u00een regiunile Terra Saxonum \u0219i Terra Dacica, iar pe anumite sec\u021biuni \u00eemparte acela\u0219i traseu.<\/p>\t\t\t\t\t\t\t\t<\/div>\n\t\t\t\t\t<\/div>\n\t\t\t\t<\/div>\n\t\t\t\t<div class=\"elementor-element elementor-element-f0a0969 elementor-absolute cstm-upper-lip elementor-widget elementor-widget-image\" data-id=\"f0a0969\" data-element_type=\"widget\" data-e-type=\"widget\" data-settings=\"{&quot;_position&quot;:&quot;absolute&quot;}\" data-widget_type=\"image.default\">\n\t\t\t\t\t\t\t\t\t\t\t\t\t\t\t<img fetchpriority=\"high\" decoding=\"async\" width=\"834\" height=\"116\" src=\"https:\/\/transylvaniatrail.com\/wp-content\/uploads\/2025\/11\/bg-upper-lip-02.svg\" class=\"attachment-full size-full wp-image-960\" alt=\"\" \/>\t\t\t\t\t\t\t\t\t\t\t\t\t\t\t<\/div>\n\t\t\t\t<\/div>\n\t\t<div class=\"elementor-element elementor-element-d0686fe e-con-full e-flex e-con e-parent\" data-id=\"d0686fe\" data-element_type=\"container\" data-e-type=\"container\" data-settings=\"{&quot;background_background&quot;:&quot;classic&quot;}\">\n\t\t<div class=\"elementor-element elementor-element-38ca78d e-con-full e-flex e-con e-child\" data-id=\"38ca78d\" data-element_type=\"container\" data-e-type=\"container\">\n\t\t\t\t<div class=\"elementor-element elementor-element-0b64d1c elementor-widget elementor-widget-image\" data-id=\"0b64d1c\" data-element_type=\"widget\" data-e-type=\"widget\" data-widget_type=\"image.default\">\n\t\t\t\t\t\t\t\t\t\t\t\t\t\t\t<img decoding=\"async\" width=\"214\" height=\"32\" src=\"https:\/\/transylvaniatrail.com\/wp-content\/uploads\/2025\/11\/icon-route-04.png\" class=\"attachment-full size-full wp-image-628\" alt=\"\" \/>\t\t\t\t\t\t\t\t\t\t\t\t\t\t\t<\/div>\n\t\t\t\t<div class=\"elementor-element elementor-element-7addfc9 elementor-widget elementor-widget-heading\" data-id=\"7addfc9\" data-element_type=\"widget\" data-e-type=\"widget\" data-widget_type=\"heading.default\">\n\t\t\t\t\t<div class=\"elementor-heading-title elementor-size-default\">prima edi\u021bie<\/div>\t\t\t\t<\/div>\n\t\t\t\t<div class=\"elementor-element elementor-element-e00eb12 elementor-widget elementor-widget-heading\" data-id=\"e00eb12\" data-element_type=\"widget\" data-e-type=\"widget\" data-widget_type=\"heading.default\">\n\t\t\t\t\t<h2 class=\"elementor-heading-title elementor-size-default\">povestea incepe in 2026<\/h2>\t\t\t\t<\/div>\n\t\t\t\t<\/div>\n\t\t<div class=\"elementor-element elementor-element-88c7c62 e-con-full e-flex e-con e-child\" data-id=\"88c7c62\" data-element_type=\"container\" data-e-type=\"container\">\n\t\t\t\t<div class=\"elementor-element elementor-element-a8bf498 nobr elementor-widget elementor-widget-text-editor\" data-id=\"a8bf498\" data-element_type=\"widget\" data-e-type=\"widget\" data-widget_type=\"text-editor.default\">\n\t\t\t\t\t\t\t\t\t<p>Prima edi\u021bie a oric\u0103rei aventuri e special\u0103. Este ca o poveste care a\u0219teapt\u0103 s\u0103 fie scris\u0103. Aceasta e \u0219ansa ta s\u0103 formezi spiritul traseului pentru to\u021bi cei care vor veni dup\u0103 tine.<\/p>\t\t\t\t\t\t\t\t<\/div>\n\t\t\t\t<div class=\"elementor-element elementor-element-371a562 elementor-widget elementor-widget-heading\" data-id=\"371a562\" data-element_type=\"widget\" data-e-type=\"widget\" data-widget_type=\"heading.default\">\n\t\t\t\t\t<h4 class=\"elementor-heading-title elementor-size-default\">fii printre pu\u021binii care particip\u00e3 la prima edi\u021bie <\/h4>\t\t\t\t<\/div>\n\t\t\t\t<div class=\"elementor-element elementor-element-43a285b elementor-widget elementor-widget-button\" data-id=\"43a285b\" data-element_type=\"widget\" data-e-type=\"widget\" data-widget_type=\"button.default\">\n\t\t\t\t\t\t\t\t\t\t<a class=\"elementor-button elementor-button-link elementor-size-sm\" href=\"https:\/\/transylvaniatrail.com\/ro\/register\/\">\n\t\t\t\t\t\t<span class=\"elementor-button-content-wrapper\">\n\t\t\t\t\t\t\t\t\t<span class=\"elementor-button-text\">Al\u00e3tur\u00e3-te primei edi\u021bii<\/span>\n\t\t\t\t\t<\/span>\n\t\t\t\t\t<\/a>\n\t\t\t\t\t\t\t\t<\/div>\n\t\t\t\t<\/div>\n\t\t\t\t<\/div>\n\t\t\t\t<\/div>","protected":false},"excerpt":{"rendered":"<p>What You Need to Know Can I ride this on a gravel bike or do I need an MTB? Both [&hellip;]<\/p>\n","protected":false},"author":3,"featured_media":0,"parent":0,"menu_order":0,"comment_status":"closed","ping_status":"closed","template":"","meta":{"_uag_custom_page_level_css":"","site-sidebar-layout":"no-sidebar","site-content-layout":"","ast-site-content-layout":"full-width-container","site-content-style":"default","site-sidebar-style":"default","ast-global-header-display":"","ast-banner-title-visibility":"disabled","ast-main-header-display":"","ast-hfb-above-header-display":"","ast-hfb-below-header-display":"","ast-hfb-mobile-header-display":"","site-post-title":"","ast-breadcrumbs-content":"","ast-featured-img":"disabled","footer-sml-layout":"","ast-disable-related-posts":"","theme-transparent-header-meta":"","adv-header-id-meta":"","stick-header-meta":"","header-above-stick-meta":"","header-main-stick-meta":"","header-below-stick-meta":"","astra-migrate-meta-layouts":"default","ast-page-background-enabled":"default","ast-page-background-meta":{"desktop":{"background-color":"var(--ast-global-color-5)","background-image":"","background-repeat":"repeat","background-position":"center center","background-size":"auto","background-attachment":"scroll","background-type":"","background-media":"","overlay-type":"","overlay-color":"","overlay-opacity":"","overlay-gradient":""},"tablet":{"background-color":"","background-image":"","background-repeat":"repeat","background-position":"center center","background-size":"auto","background-attachment":"scroll","background-type":"","background-media":"","overlay-type":"","overlay-color":"","overlay-opacity":"","overlay-gradient":""},"mobile":{"background-color":"","background-image":"","background-repeat":"repeat","background-position":"center center","background-size":"auto","background-attachment":"scroll","background-type":"","background-media":"","overlay-type":"","overlay-color":"","overlay-opacity":"","overlay-gradient":""}},"ast-content-background-meta":{"desktop":{"background-color":"var(--ast-global-color-4)","background-image":"","background-repeat":"repeat","background-position":"center center","background-size":"auto","background-attachment":"scroll","background-type":"","background-media":"","overlay-type":"","overlay-color":"","overlay-opacity":"","overlay-gradient":""},"tablet":{"background-color":"var(--ast-global-color-4)","background-image":"","background-repeat":"repeat","background-position":"center center","background-size":"auto","background-attachment":"scroll","background-type":"","background-media":"","overlay-type":"","overlay-color":"","overlay-opacity":"","overlay-gradient":""},"mobile":{"background-color":"var(--ast-global-color-4)","background-image":"","background-repeat":"repeat","background-position":"center center","background-size":"auto","background-attachment":"scroll","background-type":"","background-media":"","overlay-type":"","overlay-color":"","overlay-opacity":"","overlay-gradient":""}},"footnotes":""},"class_list":["post-1610","page","type-page","status-publish","hentry"],"uagb_featured_image_src":{"full":false,"thumbnail":false,"medium":false,"medium_large":false,"large":false,"1536x1536":false,"2048x2048":false,"trp-custom-language-flag":false,"woocommerce_thumbnail":false,"woocommerce_single":false,"woocommerce_gallery_thumbnail":false},"uagb_author_info":{"display_name":"Obrad Susa","author_link":"https:\/\/transylvaniatrail.com\/ro\/author\/obrads\/"},"uagb_comment_info":0,"uagb_excerpt":"What You Need to Know Can I ride this on a gravel bike or do I need an MTB? Both [&hellip;]","jetpack_sharing_enabled":true,"_links":{"self":[{"href":"https:\/\/transylvaniatrail.com\/ro\/wp-json\/wp\/v2\/pages\/1610","targetHints":{"allow":["GET"]}}],"collection":[{"href":"https:\/\/transylvaniatrail.com\/ro\/wp-json\/wp\/v2\/pages"}],"about":[{"href":"https:\/\/transylvaniatrail.com\/ro\/wp-json\/wp\/v2\/types\/page"}],"author":[{"embeddable":true,"href":"https:\/\/transylvaniatrail.com\/ro\/wp-json\/wp\/v2\/users\/3"}],"replies":[{"embeddable":true,"href":"https:\/\/transylvaniatrail.com\/ro\/wp-json\/wp\/v2\/comments?post=1610"}],"version-history":[{"count":128,"href":"https:\/\/transylvaniatrail.com\/ro\/wp-json\/wp\/v2\/pages\/1610\/revisions"}],"predecessor-version":[{"id":4835,"href":"https:\/\/transylvaniatrail.com\/ro\/wp-json\/wp\/v2\/pages\/1610\/revisions\/4835"}],"wp:attachment":[{"href":"https:\/\/transylvaniatrail.com\/ro\/wp-json\/wp\/v2\/media?parent=1610"}],"curies":[{"name":"wp","href":"https:\/\/api.w.org\/{rel}","templated":true}]}}